{"id":656,"date":"2021-01-26T13:33:28","date_gmt":"2021-01-26T13:33:28","guid":{"rendered":"https:\/\/arbayaza.com\/?post_type=product&#038;p=656"},"modified":"2021-02-11T00:13:54","modified_gmt":"2021-02-11T05:13:54","slug":"maiz-gigante-de-cuzco","status":"publish","type":"product","link":"https:\/\/arbayaza.com\/en\/product\/maiz-gigante-de-cuzco\/","title":{"rendered":"Giant Corn from Cuzco"},"content":{"rendered":"","protected":false},"excerpt":{"rendered":"<p>Es un alimento altamente energ\u00e9tico y rico en nutrientes digestibles. Los cereales como el ma\u00edz suministran cantidades notables de prote\u00ednas y otros nutrimentos. Por su contenido de grasas poliinsaturadas, favorece el funcionamiento del sistema cardiovascular.<\/p>\n<p>Es rico en f\u00f3sforo, potasio y magnesio.<\/p>","protected":false},"featured_media":773,"comment_status":"open","ping_status":"closed","template":"","meta":[],"_links":{"self":[{"href":"https:\/\/arbayaza.com\/en\/wp-json\/wp\/v2\/product\/656"}],"collection":[{"href":"https:\/\/arbayaza.com\/en\/wp-json\/wp\/v2\/product"}],"about":[{"href":"https:\/\/arbayaza.com\/en\/wp-json\/wp\/v2\/types\/product"}],"replies":[{"embeddable":true,"href":"https:\/\/arbayaza.com\/en\/wp-json\/wp\/v2\/comments?post=656"}],"wp:featuredmedia":[{"embeddable":true,"href":"https:\/\/arbayaza.com\/en\/wp-json\/wp\/v2\/media\/773"}],"wp:attachment":[{"href":"https:\/\/arbayaza.com\/en\/wp-json\/wp\/v2\/media?parent=656"}],"curies":[{"name":"wp","href":"https:\/\/api.w.org\/{rel}","templated":true}]}}