{"id":655,"date":"2021-01-26T13:29:49","date_gmt":"2021-01-26T13:29:49","guid":{"rendered":"https:\/\/arbayaza.com\/?post_type=product&#038;p=655"},"modified":"2021-02-11T00:22:53","modified_gmt":"2021-02-11T05:22:53","slug":"frijol-castilla","status":"publish","type":"product","link":"https:\/\/arbayaza.com\/en\/product\/frijol-castilla\/","title":{"rendered":"Castile beans"},"content":{"rendered":"","protected":false},"excerpt":{"rendered":"<p>El frejol castilla es un producto de exportaci\u00f3n peruano muy valorado debido a su contenido de alta prote\u00edna. Adem\u00e1s, tiene beneficios para la salud tales como alimentaci\u00f3n de toxina y curativas, as\u00ed como propiedades contra la anemia, diabetes y colesterol alto. Su producci\u00f3n representa el 80% de la producci\u00f3n nacional y esta destinada, mayormente, a la exportaci\u00f3n .<\/p>","protected":false},"featured_media":772,"comment_status":"open","ping_status":"closed","template":"","meta":[],"_links":{"self":[{"href":"https:\/\/arbayaza.com\/en\/wp-json\/wp\/v2\/product\/655"}],"collection":[{"href":"https:\/\/arbayaza.com\/en\/wp-json\/wp\/v2\/product"}],"about":[{"href":"https:\/\/arbayaza.com\/en\/wp-json\/wp\/v2\/types\/product"}],"replies":[{"embeddable":true,"href":"https:\/\/arbayaza.com\/en\/wp-json\/wp\/v2\/comments?post=655"}],"wp:featuredmedia":[{"embeddable":true,"href":"https:\/\/arbayaza.com\/en\/wp-json\/wp\/v2\/media\/772"}],"wp:attachment":[{"href":"https:\/\/arbayaza.com\/en\/wp-json\/wp\/v2\/media?parent=655"}],"curies":[{"name":"wp","href":"https:\/\/api.w.org\/{rel}","templated":true}]}}