{"id":32,"date":"2021-01-07T12:44:20","date_gmt":"2021-01-07T12:44:20","guid":{"rendered":"http:\/\/arbayaza.crinvey.com\/?post_type=product&#038;p=32"},"modified":"2021-02-11T00:35:45","modified_gmt":"2021-02-11T05:35:45","slug":"producto-4","status":"publish","type":"product","link":"https:\/\/arbayaza.com\/en\/product\/producto-4\/","title":{"rendered":"Turmeric Powder"},"content":{"rendered":"","protected":false},"excerpt":{"rendered":"<p>La c\u00farcuma es una planta medicinal de ra\u00edz largo de color amarillo intenso, es usada como condimento en varios pa\u00edses y como colorante alimentario. Tiene un sabor intenso, algo amargo, picante.<\/p>\n<p>La c\u00farcuma es rica en minerales como el hierro, calcio y magnesio. Contiene az\u00facares, prote\u00ednas y fibra, es tambi\u00e9n una buena fuente de \u00e1cidos grasos omega 3.<\/p>","protected":false},"featured_media":763,"comment_status":"open","ping_status":"closed","template":"","meta":[],"_links":{"self":[{"href":"https:\/\/arbayaza.com\/en\/wp-json\/wp\/v2\/product\/32"}],"collection":[{"href":"https:\/\/arbayaza.com\/en\/wp-json\/wp\/v2\/product"}],"about":[{"href":"https:\/\/arbayaza.com\/en\/wp-json\/wp\/v2\/types\/product"}],"replies":[{"embeddable":true,"href":"https:\/\/arbayaza.com\/en\/wp-json\/wp\/v2\/comments?post=32"}],"wp:featuredmedia":[{"embeddable":true,"href":"https:\/\/arbayaza.com\/en\/wp-json\/wp\/v2\/media\/763"}],"wp:attachment":[{"href":"https:\/\/arbayaza.com\/en\/wp-json\/wp\/v2\/media?parent=32"}],"curies":[{"name":"wp","href":"https:\/\/api.w.org\/{rel}","templated":true}]}}