{"id":31,"date":"2021-01-07T12:44:10","date_gmt":"2021-01-07T12:44:10","guid":{"rendered":"http:\/\/arbayaza.crinvey.com\/?post_type=product&#038;p=31"},"modified":"2021-02-11T00:39:24","modified_gmt":"2021-02-11T05:39:24","slug":"producto-3","status":"publish","type":"product","link":"https:\/\/arbayaza.com\/en\/product\/producto-3\/","title":{"rendered":"Oregano"},"content":{"rendered":"","protected":false},"excerpt":{"rendered":"<p>Una planta medicinal y arom\u00e1tica con un olor muy agradable y caracter\u00edstico f\u00e1cilmente reconocible cuando se usa en recetas de cocina.<\/p>\n<p>Pero adem\u00e1s, el uso en remedios naturales de esta planta en la medicina popular ha sido muy variado por diferentes culturas antiguas debido a las propiedades medicinales del or\u00e9gano.<\/p>","protected":false},"featured_media":774,"comment_status":"open","ping_status":"closed","template":"","meta":[],"_links":{"self":[{"href":"https:\/\/arbayaza.com\/en\/wp-json\/wp\/v2\/product\/31"}],"collection":[{"href":"https:\/\/arbayaza.com\/en\/wp-json\/wp\/v2\/product"}],"about":[{"href":"https:\/\/arbayaza.com\/en\/wp-json\/wp\/v2\/types\/product"}],"replies":[{"embeddable":true,"href":"https:\/\/arbayaza.com\/en\/wp-json\/wp\/v2\/comments?post=31"}],"wp:featuredmedia":[{"embeddable":true,"href":"https:\/\/arbayaza.com\/en\/wp-json\/wp\/v2\/media\/774"}],"wp:attachment":[{"href":"https:\/\/arbayaza.com\/en\/wp-json\/wp\/v2\/media?parent=31"}],"curies":[{"name":"wp","href":"https:\/\/api.w.org\/{rel}","templated":true}]}}