{"id":156,"date":"2021-01-08T11:05:14","date_gmt":"2021-01-08T11:05:14","guid":{"rendered":"http:\/\/arbayaza.crinvey.com\/?post_type=product&#038;p=156"},"modified":"2021-02-11T00:30:06","modified_gmt":"2021-02-11T05:30:06","slug":"ajos-fresco","status":"publish","type":"product","link":"https:\/\/arbayaza.com\/en\/product\/ajos-fresco\/","title":{"rendered":"Ancho Chili"},"content":{"rendered":"","protected":false},"excerpt":{"rendered":"<p>Este chile es muy cotizado en M\u00e9xico para la preparaci\u00f3n de Mole Poblano. Su grado de picor varia grandemente, desde bastante fuerte hasta poco picante. Usado en un sinf\u00edn de guisos, tamales, sopas.<\/p>","protected":false},"featured_media":767,"comment_status":"open","ping_status":"closed","template":"","meta":[],"_links":{"self":[{"href":"https:\/\/arbayaza.com\/en\/wp-json\/wp\/v2\/product\/156"}],"collection":[{"href":"https:\/\/arbayaza.com\/en\/wp-json\/wp\/v2\/product"}],"about":[{"href":"https:\/\/arbayaza.com\/en\/wp-json\/wp\/v2\/types\/product"}],"replies":[{"embeddable":true,"href":"https:\/\/arbayaza.com\/en\/wp-json\/wp\/v2\/comments?post=156"}],"wp:featuredmedia":[{"embeddable":true,"href":"https:\/\/arbayaza.com\/en\/wp-json\/wp\/v2\/media\/767"}],"wp:attachment":[{"href":"https:\/\/arbayaza.com\/en\/wp-json\/wp\/v2\/media?parent=156"}],"curies":[{"name":"wp","href":"https:\/\/api.w.org\/{rel}","templated":true}]}}