{"id":154,"date":"2021-01-08T11:04:28","date_gmt":"2021-01-08T11:04:28","guid":{"rendered":"http:\/\/arbayaza.crinvey.com\/?post_type=product&#038;p=154"},"modified":"2021-02-11T00:33:31","modified_gmt":"2021-02-11T05:33:31","slug":"ajos-fresco-copia-copia-copia","status":"publish","type":"product","link":"https:\/\/arbayaza.com\/en\/product\/ajos-fresco-copia-copia-copia\/","title":{"rendered":"Ginger Powder"},"content":{"rendered":"","protected":false},"excerpt":{"rendered":"<p>El jengibre es una planta que posee un tallo que posee un aroma muy particular con un sabor picante, utilizado para condimentar los alimentos.<\/p>\n<p>Posee sustancias fen\u00f3licas, enzimas proteol\u00edticas, \u00e1cido linoleico, vitaminas (en especial vitaminas B6 y vitamina C) y minerales como el calcio, magnesio, fosforo y potasio.<\/p>","protected":false},"featured_media":765,"comment_status":"open","ping_status":"closed","template":"","meta":[],"_links":{"self":[{"href":"https:\/\/arbayaza.com\/en\/wp-json\/wp\/v2\/product\/154"}],"collection":[{"href":"https:\/\/arbayaza.com\/en\/wp-json\/wp\/v2\/product"}],"about":[{"href":"https:\/\/arbayaza.com\/en\/wp-json\/wp\/v2\/types\/product"}],"replies":[{"embeddable":true,"href":"https:\/\/arbayaza.com\/en\/wp-json\/wp\/v2\/comments?post=154"}],"wp:featuredmedia":[{"embeddable":true,"href":"https:\/\/arbayaza.com\/en\/wp-json\/wp\/v2\/media\/765"}],"wp:attachment":[{"href":"https:\/\/arbayaza.com\/en\/wp-json\/wp\/v2\/media?parent=154"}],"curies":[{"name":"wp","href":"https:\/\/api.w.org\/{rel}","templated":true}]}}