{"id":153,"date":"2021-01-08T11:04:19","date_gmt":"2021-01-08T11:04:19","guid":{"rendered":"http:\/\/arbayaza.crinvey.com\/?post_type=product&#038;p=153"},"modified":"2021-02-11T00:35:05","modified_gmt":"2021-02-11T05:35:05","slug":"ajos-fresco1","status":"publish","type":"product","link":"https:\/\/arbayaza.com\/en\/product\/ajos-fresco1\/","title":{"rendered":"White, red and black Quinoa"},"content":{"rendered":"","protected":false},"excerpt":{"rendered":"<p>La quinua posee un alto nivel de prote\u00ednas, que puede llegar a contener hasta un 23%, muy ricas en minerales, como, calcio, hierro, magnesio y vitaminas C, E, B1, B2 y niacina. Adem\u00e1s de ser una importante fuente de fibra soluble e insoluble, y su contenido de grasa es rico en omega 6, adem\u00e1s de contar con un \u00edndice gluc\u00e9mico muy bajo.<\/p>","protected":false},"featured_media":776,"comment_status":"open","ping_status":"closed","template":"","meta":[],"_links":{"self":[{"href":"https:\/\/arbayaza.com\/en\/wp-json\/wp\/v2\/product\/153"}],"collection":[{"href":"https:\/\/arbayaza.com\/en\/wp-json\/wp\/v2\/product"}],"about":[{"href":"https:\/\/arbayaza.com\/en\/wp-json\/wp\/v2\/types\/product"}],"replies":[{"embeddable":true,"href":"https:\/\/arbayaza.com\/en\/wp-json\/wp\/v2\/comments?post=153"}],"wp:featuredmedia":[{"embeddable":true,"href":"https:\/\/arbayaza.com\/en\/wp-json\/wp\/v2\/media\/776"}],"wp:attachment":[{"href":"https:\/\/arbayaza.com\/en\/wp-json\/wp\/v2\/media?parent=153"}],"curies":[{"name":"wp","href":"https:\/\/api.w.org\/{rel}","templated":true}]}}