{"id":152,"date":"2021-01-08T11:04:06","date_gmt":"2021-01-08T11:04:06","guid":{"rendered":"http:\/\/arbayaza.crinvey.com\/?post_type=product&#038;p=152"},"modified":"2021-02-11T00:34:37","modified_gmt":"2021-02-11T05:34:37","slug":"ajos-fresco-copia","status":"publish","type":"product","link":"https:\/\/arbayaza.com\/en\/product\/ajos-fresco-copia\/","title":{"rendered":"Chia"},"content":{"rendered":"","protected":false},"excerpt":{"rendered":"<p>La ch\u00eda es un superalimento que es una de las fuentes de prote\u00edna copleta de origen vegetal m\u00e1s alta. Cabe resaltar su gran perfil nutricional como: calcio, sodio, potasio y f\u00f3sforo, adem\u00e1s de poseer una buena cantidad de zinc, vitamina B3, vitamina B1 y vitamina B2. Su sabor es suave y agradable.<\/p>","protected":false},"featured_media":770,"comment_status":"open","ping_status":"closed","template":"","meta":[],"_links":{"self":[{"href":"https:\/\/arbayaza.com\/en\/wp-json\/wp\/v2\/product\/152"}],"collection":[{"href":"https:\/\/arbayaza.com\/en\/wp-json\/wp\/v2\/product"}],"about":[{"href":"https:\/\/arbayaza.com\/en\/wp-json\/wp\/v2\/types\/product"}],"replies":[{"embeddable":true,"href":"https:\/\/arbayaza.com\/en\/wp-json\/wp\/v2\/comments?post=152"}],"wp:featuredmedia":[{"embeddable":true,"href":"https:\/\/arbayaza.com\/en\/wp-json\/wp\/v2\/media\/770"}],"wp:attachment":[{"href":"https:\/\/arbayaza.com\/en\/wp-json\/wp\/v2\/media?parent=152"}],"curies":[{"name":"wp","href":"https:\/\/api.w.org\/{rel}","templated":true}]}}